{"id":9373,"date":"2025-06-04T17:31:47","date_gmt":"2025-06-04T15:31:47","guid":{"rendered":"https:\/\/literaskaligrafija.si\/?post_type=product&#038;p=9373"},"modified":"2026-01-07T17:04:03","modified_gmt":"2026-01-07T16:04:03","slug":"cotton-bag-with-calligraphic-inscription-handwritten-3","status":"publish","type":"product","link":"https:\/\/literaskaligrafija.si\/en\/izdelek\/loncek-z-imenom\/","title":{"rendered":"Thermo mug with name - Hand engraved with calligraphy"},"content":{"rendered":"<div class=\"flex flex-grow flex-col max-w-full\">\n<div class=\"min-h-[20px] text-message flex w-full flex-col items-end gap-2 whitespace-pre-wrap break-words [.text-message+&amp;]:mt-5 overflow-x-auto\" dir=\"auto\" data-message-author-role=\"assistant\" data-message-id=\"a0808bdb-1c59-4e3c-9de7-1499bf375c33\">\n<div class=\"flex w-full flex-col gap-1 empty:hidden first:pt-[3px]\">\n<div class=\"markdown prose w-full break-words dark:prose-invert light\">\n<p><strong>Termo lon\u010dek z imenom &#8211; Ro\u010dno graviran s kaligrafijo<\/strong><\/p>\n<ul>\n<li>Odli\u010den za shranjevanje toplih in hladnih napitkov na delovnem mestu in pri vsakodnevnih opravilih.<\/li>\n<li>Termos lon\u010dek je iz nerjave\u010dega jekla zagotavlja, da bo va\u0161a pija\u010da ostala sve\u017ea in ohranjena pri idealni temperaturi.<\/li>\n<li>Unikatna in ro\u010dno napisana kaligrafija, spremeni lon\u010dek v trendovski dodatek.<\/li>\n<li>Zadostna hidracija je klju\u010dna za optimalno delovanje va\u0161ega telesa in uma. Pravilno hidrirano telo izbolj\u0161uje koncentracijo, pove\u010da energijo ter podpira zdravo delovanje organov.<\/li>\n<\/ul>\n<p><strong>Razli\u010dne izvedbe personalizacije<\/strong><\/p>\n<p><strong>Pisava<\/strong><\/p>\n<ul>\n<li>Okra\u0161eni Copperplate<\/li>\n<li>Moderna kaligrafija 1<\/li>\n<li>Moderna kaligrafija 2<\/li>\n<\/ul>\n<p><strong>Postopek izdelave:<\/strong><\/p>\n<ul>\n<li>Na podlagi va\u0161e izbire pisave ustvarimo ustvarimo kaligrafski napis imena.<\/li>\n<li>Kaligrafijo graviramo povsem ro\u010dno.<\/li>\n<li>Pred samo izvedbo prejmete vizualizacijo lon\u010dka.<\/li>\n<\/ul>\n<p><strong>Zakaj izbrati prav ta lon\u010dek?<\/strong><\/p>\n<ul>\n<li>Na\u0161a ro\u010dno ustvarjena kaligrafija je rezultat dolgoletnega u\u010denja razli\u010dnih pisav in tehnik z uporabo\u00a0 specializiranih orodij in kaligrafskih pisal.<\/li>\n<li>Posebej ponosni smo na na\u0161o okra\u0161eno Copperplate pisavo, ki zahteva veliko vaje in natan\u010dnosti. Moderna kaligrafija zdru\u017euje tradicionalnost in sodobno spro\u0161\u010den dizajn.<\/li>\n<li>Vsaka na\u0161a stekleni\u010dka zato presega obi\u010dajno personalizacijo saj poskrbimo za raznolikost in razli\u010dne na\u010dine zapisa enake \u010drke. Tako je res vsaka steklenica unikatna<\/li>\n<\/ul>\n<p><strong>Lastnosti izdelka:<\/strong><\/p>\n<ul>\n<li>Higienski pokrov z odprtino za pitje &#8211; lon\u010dek ni popolnoma zaprt.<\/li>\n<li>Ohranja temperaturo hladnih in toplih pija\u010d od 6 do 8 ur<\/li>\n<\/ul>\n<p><strong>Uporaba:<\/strong><\/p>\n<ul>\n<li>Izdelana je iz vakuumsko izoliranega nerjave\u010dega jekla in pra\u0161nim barvnim slojem.<\/li>\n<li>Nerjave\u010de jeklo je izjemno trpe\u017eno, zdr\u017ei leta, je oglji\u010dno nevtralno in popolnoma reciklabilno.<\/li>\n<li>Ponovno uporabna steklenica za pija\u010do je:<\/li>\n<li>Varna za \u017eivila.<\/li>\n<li>Odporna na vonjave.<\/li>\n<li>Enostavna za ro\u010dno pranje.<\/li>\n<li>Ohranja temperaturo ve\u010d ur.<\/li>\n<li>Ohranja pija\u010de sve\u017ee in polne okusa.<\/li>\n<\/ul>\n<p><strong>Specifikacije izdelka:<\/strong><\/p>\n<ul>\n<li>Dvoslolojen potovalni kozarec iz 304 nerjave\u010dega jekla in pra\u0161nim fini\u0161em.<\/li>\n<li>Prostornina 350 ml<\/li>\n<li>Dimenzije: V113 mm x Premer 85 mm &#8211; naj\u0161ir\u0161i del.<\/li>\n<li>Te\u017ea: 200 g prazna<\/li>\n<li>Material: Termalno izolirano nerjave\u010de jeklo<\/li>\n<\/ul>\n<p><strong>Pranje:<\/strong><\/p>\n<ul>\n<li>Pred uporabo steklenico in pokrov sperite s hladno vodo.<\/li>\n<li>Po uporabi sperite s toplo vodo in pomivalnim detergentom. Ne drgnite s \u0161\u010detkami ali abrazivi.<\/li>\n<li>Pred shranjevanjem temeljito posu\u0161ite na zraku z odstranjenim pokrovom.<\/li>\n<li>Priporo\u010damo ro\u010dno pranje ali pranje v pomivalnem stroju na hladnem programu.<\/li>\n<\/ul>\n<p><strong>Omejitve:<\/strong><\/p>\n<ul>\n<li>Ne zamrzujte, ko je steklenica polna, ne kuhajte ali uporabljajte v mikrovalovni pe\u010dici.<\/li>\n<li>Ni primerno za gazirane pija\u010de ali teko\u010dine, ki niso namenjene pitju.<\/li>\n<li>Ne perite v pomivalnem stroju na vro\u010dem programu.<\/li>\n<\/ul>\n<\/div>\n<\/div>\n<\/div>\n<\/div>\n","protected":false},"excerpt":{"rendered":"<p><strong>Thermo mug with name - Hand engraved with calligraphy<\/strong><\/p>\n<p>The personalised inscription is <strong>created by hand - with real calligraphy.<\/strong><\/p>","protected":false},"featured_media":9410,"comment_status":"open","ping_status":"closed","template":"","meta":{"content-type":"","inline_featured_image":false},"product_brand":[],"product_cat":[339,251,340,329,413,379,377,415,414],"product_tag":[450,484,448,485,447],"class_list":{"0":"post-9373","1":"product","2":"type-product","3":"status-publish","4":"has-post-thumbnail","6":"product_cat-bozicna-darila","7":"product_cat-darila","8":"product_cat-graviranje","9":"product_cat-kaligrafija","10":"product_cat-materinski-dan","11":"product_cat-obletnica","12":"product_cat-rojstni-dan","13":"product_cat-valentinovo","14":"product_cat-za-uciteljice","15":"product_tag-ideje-za-darilo","16":"product_tag-kozarec-z-imenom","17":"product_tag-steklenica","18":"product_tag-termo-loncek","19":"product_tag-termos","20":"product_shipping_class-postnina","22":"first","23":"instock","24":"taxable","25":"shipping-taxable","26":"purchasable","27":"product-type-simple"},"bundled_by":[],"bundle_stock_status":"instock","bundle_stock_quantity":null,"bundle_virtual":false,"bundle_layout":"","bundle_add_to_cart_form_location":"","bundle_editable_in_cart":false,"bundle_sold_individually_context":"","bundle_item_grouping":"","bundle_min_size":"","bundle_max_size":"","bundle_price":[],"bundled_items":[],"bundle_sell_ids":[],"jetpack_sharing_enabled":true,"_links":{"self":[{"href":"https:\/\/literaskaligrafija.si\/en\/wp-json\/wp\/v2\/product\/9373","targetHints":{"allow":["GET"]}}],"collection":[{"href":"https:\/\/literaskaligrafija.si\/en\/wp-json\/wp\/v2\/product"}],"about":[{"href":"https:\/\/literaskaligrafija.si\/en\/wp-json\/wp\/v2\/types\/product"}],"replies":[{"embeddable":true,"href":"https:\/\/literaskaligrafija.si\/en\/wp-json\/wp\/v2\/comments?post=9373"}],"wp:featuredmedia":[{"embeddable":true,"href":"https:\/\/literaskaligrafija.si\/en\/wp-json\/wp\/v2\/media\/9410"}],"wp:attachment":[{"href":"https:\/\/literaskaligrafija.si\/en\/wp-json\/wp\/v2\/media?parent=9373"}],"wp:term":[{"taxonomy":"product_brand","embeddable":true,"href":"https:\/\/literaskaligrafija.si\/en\/wp-json\/wp\/v2\/product_brand?post=9373"},{"taxonomy":"product_cat","embeddable":true,"href":"https:\/\/literaskaligrafija.si\/en\/wp-json\/wp\/v2\/product_cat?post=9373"},{"taxonomy":"product_tag","embeddable":true,"href":"https:\/\/literaskaligrafija.si\/en\/wp-json\/wp\/v2\/product_tag?post=9373"}],"curies":[{"name":"wp","href":"https:\/\/api.w.org\/{rel}","templated":true}]}}