{"id":9784,"date":"2026-04-21T13:08:06","date_gmt":"2026-04-21T11:08:06","guid":{"rendered":"https:\/\/literaskaligrafija.si\/?post_type=product&#038;p=9784"},"modified":"2026-04-21T14:19:47","modified_gmt":"2026-04-21T12:19:47","slug":"crke-in-vino-delavnica-kaligrafije","status":"publish","type":"product","link":"https:\/\/literaskaligrafija.si\/en\/izdelek\/crke-in-vino-delavnica-kaligrafije\/","title":{"rendered":"\u010crke in Vino &#8211; Ustvarjalna kaligrafija"},"content":{"rendered":"<p style=\"text-align: left\"><strong>\u010crke in vino je kreativni dogodek<\/strong> na katerem bomo ustvarjali unikatno kaligrafsko pisavo. Triurni potop v barve, linije in \u017elahtne okuse v majhni skupini do 12 oseb.<\/p>\n<p style=\"text-align: left\">Pozabite na digitalne zaslone in hiter tempo vsakdana. Prejmite popust Early Bird &#8211; za zgodnje prijave do 30. aprila 2026<\/p>\n<p>Kjer se sre\u010data sodobni brush lettering in u\u017eitek ob izbranem vinu. Delo z brush markerji je magi\u010dno.<\/p>\n<p><strong>Kaligrafsko do\u017eivetje ob vinu<\/strong> je namenjena vsem, ki si \u017eelijo ustvarjalnega oddiha, estetskega do\u017eivetja in stika s pisanjem.<\/p>\n<p><strong>What is calligraphy anyway?<\/strong> Kaligrafija je umetnost lepega pisanja s posebnimi orodji. Skozi vodeno izku\u0161njo bo\u0161 spoznala osnove moderne kaligrafije ter ustvarila svoje prve poteze.<\/p>\n<p>&nbsp;<\/p>\n<div id=\"attachment_9787\" style=\"width: 1510px\" class=\"wp-caption alignnone\"><img loading=\"lazy\" decoding=\"async\" aria-describedby=\"caption-attachment-9787\" class=\"wp-image-9787 size-full\" src=\"https:\/\/literaskaligrafija.si\/wp-content\/uploads\/2026\/04\/delavnica-1.jpg\" alt=\"Kreativna kaligrafija\" width=\"1500\" height=\"1500\" srcset=\"https:\/\/literaskaligrafija.si\/wp-content\/uploads\/2026\/04\/delavnica-1.jpg 1500w, https:\/\/literaskaligrafija.si\/wp-content\/uploads\/2026\/04\/delavnica-1-300x300.jpg 300w, https:\/\/literaskaligrafija.si\/wp-content\/uploads\/2026\/04\/delavnica-1-1024x1024.jpg 1024w, https:\/\/literaskaligrafija.si\/wp-content\/uploads\/2026\/04\/delavnica-1-150x150.jpg 150w, https:\/\/literaskaligrafija.si\/wp-content\/uploads\/2026\/04\/delavnica-1-768x768.jpg 768w, https:\/\/literaskaligrafija.si\/wp-content\/uploads\/2026\/04\/delavnica-1-12x12.jpg 12w, https:\/\/literaskaligrafija.si\/wp-content\/uploads\/2026\/04\/delavnica-1-550x550.jpg 550w, https:\/\/literaskaligrafija.si\/wp-content\/uploads\/2026\/04\/delavnica-1-1000x1000.jpg 1000w, https:\/\/literaskaligrafija.si\/wp-content\/uploads\/2026\/04\/delavnica-1-400x400.jpg 400w, https:\/\/literaskaligrafija.si\/wp-content\/uploads\/2026\/04\/delavnica-1-600x600.jpg 600w, https:\/\/literaskaligrafija.si\/wp-content\/uploads\/2026\/04\/delavnica-1-100x100.jpg 100w, https:\/\/literaskaligrafija.si\/wp-content\/uploads\/2026\/04\/delavnica-1-50x50.jpg 50w\" sizes=\"auto, (max-width: 1500px) 100vw, 1500px\" \/><p id=\"caption-attachment-9787\" class=\"wp-caption-text\">Moderna kaligrafija z markerji na prijazen na\u010din.<\/p><\/div>\n<p>&nbsp;<\/p>\n<p><strong>Na\u0161 pristop.<\/strong><\/p>\n<p>Namen na\u0161ega dru\u017eenja tokrat ni sledenje zapletenim pravilom kaligrafije, temve\u010d spro\u0161\u010deno ustvarjanje a z dovolj strukture za unikatni izdelek. Poudarek ni na popolnosti, temve\u010d na ob\u010dutku. Vino je le tiha spremljava.<\/p>\n<p>Ker verjamem, da si vsak zaslu\u017ei trenutek brez strogih pravil. Moj studio je skrit koti\u010dek, kjer v majhni, intimni skupini ustvarjamo lepoto, ki ostane.<\/p>\n<p><strong>Tvoj kon\u010dni izdelek<\/strong><\/p>\n<p>Skozi delavnico bo\u0161 svojo kreativnost prenesla na svoj prvi kaligrafski izdelek &#8211; <strong>bomba\u017eno nakupovalno vre\u010dko, ko jo odnese\u0161 domov.<\/strong><\/p>\n<p><strong>Posebna ponudba, <\/strong>ker razumemo, da so nekatere izku\u0161nje preprosto lep\u0161e v dvoje.<\/p>\n<ul>\n<li><strong>Early bird:<\/strong> Prijave so na voljo do 30. aprila 2026.<\/li>\n<li><strong>Prijava v paru: <\/strong>duo izku\u0161nja za prijateljici, mamo in h\u010der ali par.<\/li>\n<\/ul>\n<p>&nbsp;<\/p>\n<p><strong>Event details<\/strong><\/p>\n<ul>\n<li><strong>Datum:<\/strong> Sobota, 23. maj 2026 ob 17. uri.<\/li>\n<li><strong>Location:<\/strong> Cesta 4. maja 61, 1380 Cerknica.<\/li>\n<li><strong>Trajanje:<\/strong> 3 hours.<\/li>\n<li><strong>\u0160tevilo mest:<\/strong> omejeno &#8211; do 12 udele\u017eencev.<\/li>\n<li><strong>Event <\/strong>je namenjen odraslim.<\/li>\n<\/ul>\n<p>&nbsp;<\/p>","protected":false},"excerpt":{"rendered":"<p style=\"text-align: left\"><strong>Kreativni kaligrafski dogodek ob vinu. <\/strong>Ustvarjalni ve\u010der.<\/p>\n<p>&nbsp;<\/p>\n<p>&nbsp;<\/p>","protected":false},"featured_media":9769,"comment_status":"open","ping_status":"closed","template":"","meta":{"content-type":"","inline_featured_image":false},"product_brand":[],"product_cat":[259],"product_tag":[],"class_list":{"0":"post-9784","1":"product","2":"type-product","3":"status-publish","4":"has-post-thumbnail","6":"product_cat-kaligrafski-tecaj","8":"first","9":"instock","10":"sale","11":"virtual","12":"purchasable","13":"product-type-simple"},"bundled_by":[],"bundle_stock_status":"instock","bundle_stock_quantity":12,"bundle_virtual":false,"bundle_layout":"","bundle_add_to_cart_form_location":"","bundle_editable_in_cart":false,"bundle_sold_individually_context":"","bundle_item_grouping":"","bundle_min_size":"","bundle_max_size":"","bundle_price":[],"bundled_items":[],"bundle_sell_ids":[],"jetpack_sharing_enabled":true,"_links":{"self":[{"href":"https:\/\/literaskaligrafija.si\/en\/wp-json\/wp\/v2\/product\/9784","targetHints":{"allow":["GET"]}}],"collection":[{"href":"https:\/\/literaskaligrafija.si\/en\/wp-json\/wp\/v2\/product"}],"about":[{"href":"https:\/\/literaskaligrafija.si\/en\/wp-json\/wp\/v2\/types\/product"}],"replies":[{"embeddable":true,"href":"https:\/\/literaskaligrafija.si\/en\/wp-json\/wp\/v2\/comments?post=9784"}],"wp:featuredmedia":[{"embeddable":true,"href":"https:\/\/literaskaligrafija.si\/en\/wp-json\/wp\/v2\/media\/9769"}],"wp:attachment":[{"href":"https:\/\/literaskaligrafija.si\/en\/wp-json\/wp\/v2\/media?parent=9784"}],"wp:term":[{"taxonomy":"product_brand","embeddable":true,"href":"https:\/\/literaskaligrafija.si\/en\/wp-json\/wp\/v2\/product_brand?post=9784"},{"taxonomy":"product_cat","embeddable":true,"href":"https:\/\/literaskaligrafija.si\/en\/wp-json\/wp\/v2\/product_cat?post=9784"},{"taxonomy":"product_tag","embeddable":true,"href":"https:\/\/literaskaligrafija.si\/en\/wp-json\/wp\/v2\/product_tag?post=9784"}],"curies":[{"name":"wp","href":"https:\/\/api.w.org\/{rel}","templated":true}]}}